{"id":303,"date":"2024-08-16T09:52:36","date_gmt":"2024-08-16T09:52:36","guid":{"rendered":"https:\/\/www.missouriwestern.edu\/spanish\/?page_id=303"},"modified":"2024-09-24T15:07:18","modified_gmt":"2024-09-24T15:07:18","slug":"academia","status":"publish","type":"page","link":"https:\/\/www.missouriwestern.edu\/spanish\/academia\/","title":{"rendered":"Academia"},"content":{"rendered":"<div class=\"fusion-fullwidth fullwidth-box fusion-builder-row-1 fusion-flex-container nonhundred-percent-fullwidth non-hundred-percent-height-scrolling\" style=\"background-color: rgba(255,255,255,0);background-position: center center;background-repeat: no-repeat;border-width: 0px 0px 0px 0px;border-color:#e2e2e2;border-style:solid;\" ><div class=\"fusion-builder-row fusion-row fusion-flex-align-items-flex-start\" style=\"max-width:104%;margin-left: calc(-4% \/ 2 );margin-right: calc(-4% \/ 2 );\"><div class=\"fusion-layout-column fusion_builder_column fusion-builder-column-0 fusion_builder_column_1_1 1_1 fusion-flex-column\"><div class=\"fusion-column-wrapper fusion-flex-justify-content-flex-start fusion-content-layout-column\" style=\"background-position:left top;background-repeat:no-repeat;-webkit-background-size:cover;-moz-background-size:cover;-o-background-size:cover;background-size:cover;padding: 0px 0px 0px 0px;\">\t\t\t\t\t<div class=\"fusion-slider-container fusion-slider-sc-academia fusion-slider-11 full-width-slider\" data-id=\"11\" data-full_height=\"\" style=\"height:400px; max-width:100%;\">\n\t\t\t\t\t\t<style type=\"text\/css\">.fusion-slider-11 .flex-direction-nav a {width:63px;height:63px;line-height:63px;font-size:25px;}<\/style>\t\t\t\t\t\t<div class=\"fusion-slider-loading\">Loading...<\/div>\n\t\t\t\t\t\t<div class=\"tfs-slider flexslider main-flex full-width-slider\" data-slider_width=\"100%\" data-slider_height=\"400px\" data-full_screen=\"0\" data-parallax=\"0\" data-nav_arrows=\"1\" data-nav_arrow_size=\"25px\" data-nav_box_width=\"63px\" data-nav_box_height=\"63px\" data-slideshow_speed=\"7000\" data-loop=\"0\" data-autoplay=\"1\" data-orderby=\"date\" data-order=\"DESC\" data-animation=\"fade\" data-animation_speed=\"600\" data-typo_sensitivity=\"1\" data-typo_factor=\"1.5\" style=\"max-width:100%;\">\n\t\t\t\t\t\t\t<ul class=\"slides\">\n\t\t\t\t\t\t\t\t\t\t\t\t\t\t\t\t\t<li data-mute=\"yes\" data-loop=\"yes\" data-autoplay=\"yes\">\n\t\t\t\t\t\t\t\t\t\t<div class=\"slide-content-container slide-content-left\" style=\"display: none;\">\n\t\t\t\t\t\t\t\t\t\t\t<div class=\"slide-content\" style=\"\">\n\t\t\t\t\t\t\t\t\t\t\t\t\t\t\t\t\t\t\t\t\t\t\t\t\t\t\t\t\t\t\t\t\t\t\t\t\t\t\t\t\t\t\t\t\t\t\t\t\t<div class=\"buttons\" >\n\t\t\t\t\t\t\t\t\t\t\t\t\t\t\t\t\t\t\t\t\t\t\t\t\t\t\t\t\t\t\t\t\t\t\t\t\t\t\t\t\t<\/div>\n\t\t\t\t\t\t\t\t\t\t\t\t\t\t\t\t\t\t\t\t\t\t\t<\/div>\n\t\t\t\t\t\t\t\t\t\t<\/div>\n\t\t\t\t\t\t\t\t\t\t\t\t\t\t\t\t\t\t\t\t\t\t\t\t\t\t\t\t\t\t\t\t\t\t\t\t\t\t\t\t<div class=\"background background-image\" style=\"background-image: url(https:\/\/www.missouriwestern.edu\/spanish\/wp-content\/uploads\/sites\/197\/2024\/08\/academia.jpg);max-width:100%;height:400px;filter: progid:DXImageTransform.Microsoft.AlphaImageLoader(src='https:\/\/www.missouriwestern.edu\/spanish\/wp-content\/uploads\/sites\/197\/2024\/08\/academia.jpg', sizingMethod='scale');\" data-imgwidth=\"2560\">\n\t\t\t\t\t\t\t\t\t\t\t\t\t\t\t\t\t\t\t\t\t\t\t\t\t\t\t\t\t\t\t\t\t\t\t\t\t\t\t\t\t\t\t\t\t\t\t\t\t\t\t\t\t\t\t\t\t\t\t\t\t\t\t\t\t\t<\/div>\n\t\t\t\t\t\t\t\t\t<\/li>\n\t\t\t\t\t\t\t\t\t\t\t\t\t\t\t\t\t\t\t\t\t\t\t<\/ul>\n\t\t\t\t\t\t<\/div>\n\t\t\t\t\t<\/div>\n\t\t\t\t\t\t\t\t<\/div><\/div><style type=\"text\/css\">.fusion-body .fusion-builder-column-0{width:100% !important;margin-top : 0px;margin-bottom : 20px;}.fusion-builder-column-0 > .fusion-column-wrapper {padding-top : 0px !important;padding-right : 0px !important;margin-right : 1.92%;padding-bottom : 0px !important;padding-left : 0px !important;margin-left : 1.92%;}@media only screen and (max-width:1024px) {.fusion-body .fusion-builder-column-0{width:100% !important;order : 0;}.fusion-builder-column-0 > .fusion-column-wrapper {margin-right : 1.92%;margin-left : 1.92%;}}@media only screen and (max-width:640px) {.fusion-body .fusion-builder-column-0{width:100% !important;order : 0;}.fusion-builder-column-0 > .fusion-column-wrapper {margin-right : 1.92%;margin-left : 1.92%;}}<\/style><\/div><style type=\"text\/css\">.fusion-body .fusion-flex-container.fusion-builder-row-1{ padding-top : 0px;margin-top : 0px;padding-right : 0px;padding-bottom : 0px;margin-bottom : 0px;padding-left : 0px;}<\/style><\/div><div class=\"fusion-fullwidth fullwidth-box fusion-builder-row-2 fusion-flex-container nonhundred-percent-fullwidth non-hundred-percent-height-scrolling\" style=\"background-color: rgba(255,255,255,0);background-position: center center;background-repeat: no-repeat;border-width: 0px 0px 0px 0px;border-color:#e2e2e2;border-style:solid;\" ><div class=\"fusion-builder-row fusion-row fusion-flex-align-items-flex-start fusion-flex-justify-content-center\" style=\"max-width:104%;margin-left: calc(-4% \/ 2 );margin-right: calc(-4% \/ 2 );\"><div class=\"fusion-layout-column fusion_builder_column fusion-builder-column-1 fusion_builder_column_3_4 3_4 fusion-flex-column\"><div class=\"fusion-column-wrapper fusion-flex-justify-content-flex-start fusion-content-layout-column\" style=\"background-position:left top;background-repeat:no-repeat;-webkit-background-size:cover;-moz-background-size:cover;-o-background-size:cover;background-size:cover;padding: 0px 0px 0px 0px;\"><div class=\"fusion-text fusion-text-1\" style=\"transform:translate3d(0,0,0);\"><h1 style=\"text-align: center;\">Encuentra tu Pasi\u00f3n<\/h1>\n<p>Cualquiera que sea tu pasi\u00f3n, Missouri Western te ayuda a lograr tus sue\u00f1os. Con programas personalizados de \u00e9xito estudiantil, adaptados a tus talentos e intereses, descubrir\u00e1s que el compromiso de Missouri Western comienza desde la inscripci\u00f3n y contin\u00faa a lo largo de tu vida.<\/p>\n<h1 style=\"text-align: center;\">Programas de Pregrado<\/h1>\n<\/div><\/div><\/div><style type=\"text\/css\">.fusion-body .fusion-builder-column-1{width:75% !important;margin-top : 0px;margin-bottom : 20px;}.fusion-builder-column-1 > .fusion-column-wrapper {padding-top : 0px !important;padding-right : 0px !important;margin-right : 2.56%;padding-bottom : 0px !important;padding-left : 0px !important;margin-left : 2.56%;}@media only screen and (max-width:1024px) {.fusion-body .fusion-builder-column-1{width:75% !important;order : 0;}.fusion-builder-column-1 > .fusion-column-wrapper {margin-right : 2.56%;margin-left : 2.56%;}}@media only screen and (max-width:640px) {.fusion-body .fusion-builder-column-1{width:100% !important;order : 0;}.fusion-builder-column-1 > .fusion-column-wrapper {margin-right : 1.92%;margin-left : 1.92%;}}<\/style><\/div><style type=\"text\/css\">.fusion-body .fusion-flex-container.fusion-builder-row-2{ padding-top : 0px;margin-top : 0px;padding-right : 30px;padding-bottom : 0px;margin-bottom : 0;padding-left : 30px;}<\/style><\/div><div class=\"fusion-fullwidth fullwidth-box fusion-builder-row-3 fusion-flex-container nonhundred-percent-fullwidth non-hundred-percent-height-scrolling\" style=\"background-color: rgba(255,255,255,0);background-position: center center;background-repeat: no-repeat;border-width: 0px 0px 0px 0px;border-color:#e2e2e2;border-style:solid;\" ><div class=\"fusion-builder-row fusion-row fusion-flex-align-items-flex-start fusion-flex-justify-content-center\" style=\"max-width:104%;margin-left: calc(-4% \/ 2 );margin-right: calc(-4% \/ 2 );\"><div class=\"fusion-layout-column fusion_builder_column fusion-builder-column-2 fusion_builder_column_1_2 1_2 fusion-flex-column\"><div class=\"fusion-column-wrapper fusion-flex-justify-content-flex-start fusion-content-layout-column\" style=\"background-position:left top;background-repeat:no-repeat;-webkit-background-size:cover;-moz-background-size:cover;-o-background-size:cover;background-size:cover;padding: 0px 0px 0px 0px;\"><style type=\"text\/css\">#accordion-305-1 .fusion-panel:hover, #accordion-305-1 .fusion-panel.hover{ background-color: #f9f9fb } #accordion-305-1 .fusion-panel { border-color:#333333; border-width:1px; background-color:#ffffff; }.fusion-accordian  #accordion-305-1 .panel-title a .fa-fusion-box{ color: #ffffff;}.fusion-accordian  #accordion-305-1 .panel-title a .fa-fusion-box:before{ font-size: 16px; width: 16px;}.fusion-accordian  #accordion-305-1 .panel-title a{font-size:28px;}.fusion-accordian  #accordion-305-1 .fa-fusion-box { background-color: #212934;border-color: #212934;}.fusion-accordian  #accordion-305-1 .panel-title a:hover, #accordion-305-1 .fusion-toggle-boxed-mode:hover .panel-title a { color: #9e9e9e;}.fusion-accordian  #accordion-305-1 .panel-title .active .fa-fusion-box,.fusion-accordian  #accordion-305-1 .panel-title a:hover .fa-fusion-box { background-color: #9e9e9e!important;border-color: #9e9e9e!important;}<\/style><div class=\"accordian fusion-accordian\"><div class=\"panel-group\" id=\"accordion-305-1\" role=\"tablist\"><div class=\"fusion-panel panel-default fusion-toggle-no-divider fusion-toggle-boxed-mode\" role=\"tabpanel\"><div class=\"panel-heading\"><h4 class=\"panel-title toggle\"><a aria-expanded=\"false\" aria-selected=\"false\" aria-controls=\"df2357b14cd20d07c\" role=\"tab\" data-toggle=\"collapse\" data-parent=\"#accordion-305-1\" data-target=\"#df2357b14cd20d07c\" href=\"#df2357b14cd20d07c\"><span class=\"fusion-toggle-icon-wrapper\" aria-hidden=\"true\"><i class=\"fa-fusion-box\" aria-hidden=\"true\"><\/i><\/span><span class=\"fusion-toggle-heading\">DESARROLLO<\/span><\/a><\/h4><\/div><div id=\"df2357b14cd20d07c\" class=\"panel-collapse collapse \"><div class=\"panel-body toggle-content fusion-clearfix\">\n<ul>\n<li>Contabilidad<\/li>\n<li>Licenciatura en Estudios Generales<\/li>\n<li>Licenciatura en Ciencias en Tecnolog\u00eda<\/li>\n<li>Bioqu\u00edmica y Biolog\u00eda Molecular<\/li>\n<li>Biolog\u00eda<\/li>\n<li>Biolog\u00eda\/Ciencias de la Salud<\/li>\n<li>Administraci\u00f3n de Empresas<\/li>\n<li>Qu\u00edmica<\/li>\n<li>Inform\u00e1tica<\/li>\n<li>Tecnolog\u00eda de Ingenier\u00eda de la Construcci\u00f3n<\/li>\n<li>Periodismo Convergente y Relaciones P\u00fablicas<\/li>\n<li>Justicia Penal<\/li>\n<li>Justicia Penal\/Estudios Jur\u00eddicos<\/li>\n<li>Ciberseguridad<\/li>\n<li>Animaci\u00f3n Digital<\/li>\n<li>Educaci\u00f3n Infantil<\/li>\n<li>Educaci\u00f3n Primaria<\/li>\n<li>Ciencias del Ejercicio \u2013 Ciencias de la Salud y del Ejercicio<\/li>\n<li>Ciencias del Ejercicio \u2013 Fitness Personal y Comercial<\/li>\n<li>Finanzas<\/li>\n<li>Dise\u00f1o Gr\u00e1fico<\/li>\n<li>Derecho<\/li>\n<li>Asistente Legal<\/li>\n<li>Administraci\u00f3n\/Emprendimiento<\/li>\n<li>Administraci\u00f3n\/Recursos Humanos<\/li>\n<li>Tecnolog\u00eda de Ingenier\u00eda de Manufactura<\/li>\n<li>Mercadotecnia<\/li>\n<li>Ciencias de Laboratorio M\u00e9dico<\/li>\n<li>Educaci\u00f3n Musical \u2013 Instrumental<\/li>\n<li>Educaci\u00f3n Musical \u2013 Vocal<\/li>\n<li>Artes Musicales<\/li>\n<li>Enfermer\u00eda<\/li>\n<li>Artes Esc\u00e9nicas y Cinematogr\u00e1ficas<\/li>\n<li>Asistente de Fisioterapeuta<\/li>\n<li>Gesti\u00f3n de Salud de la Poblaci\u00f3n<\/li>\n<li>Psicolog\u00eda<\/li>\n<li>Gesti\u00f3n de Deportes Recreativos \u2013 Gesti\u00f3n de Esports<\/li>\n<li>Gesti\u00f3n de Deportes Recreativos \u2013 Gesti\u00f3n Deportiva<\/li>\n<li>Terapia Respiratoria<\/li>\n<li>Educaci\u00f3n Secundaria<\/li>\n<li>Trabajo Social<\/li>\n<li>Educaci\u00f3n Especial<\/li>\n<li>Gesti\u00f3n de la Cadena de Suministro<\/li>\n<li>Conservaci\u00f3n y Gesti\u00f3n de Vida Silvestre<\/li>\n<\/ul>\n<\/div><\/div><\/div><div class=\"fusion-panel panel-default fusion-toggle-no-divider fusion-toggle-boxed-mode\" role=\"tabpanel\"><div class=\"panel-heading\"><h4 class=\"panel-title toggle\"><a aria-expanded=\"false\" aria-selected=\"false\" aria-controls=\"c23fd322e5195e8e6\" role=\"tab\" data-toggle=\"collapse\" data-parent=\"#accordion-305-1\" data-target=\"#c23fd322e5195e8e6\" href=\"#c23fd322e5195e8e6\"><span class=\"fusion-toggle-icon-wrapper\" aria-hidden=\"true\"><i class=\"fa-fusion-box\" aria-hidden=\"true\"><\/i><\/span><span class=\"fusion-toggle-heading\">ESPECIALIZACI\u00d3N SECUNDARIA<\/span><\/a><\/h4><\/div><div id=\"c23fd322e5195e8e6\" class=\"panel-collapse collapse \"><div class=\"panel-body toggle-content fusion-clearfix\">\n<ul>\n<li>Matem\u00e1ticas Aplicadas<\/li>\n<li>Historia del Arte<\/li>\n<li>Entrenamiento Atl\u00e9tico<\/li>\n<li>Biolog\u00eda<\/li>\n<li>Qu\u00edmica<\/li>\n<li>Estudios de la Infancia<\/li>\n<li>Cine<\/li>\n<li>Ciencias Cognitivas<\/li>\n<li>Inform\u00e1tica<\/li>\n<li>Gesti\u00f3n de la Construcci\u00f3n<\/li>\n<li>Justicia Penal<\/li>\n<li>Ciberseguridad<\/li>\n<li>Ciencia de Datos<\/li>\n<li>Animaci\u00f3n Digital<\/li>\n<li>Medios Digitales<\/li>\n<li>Actuaci\u00f3n Digital<\/li>\n<li>Ciencias de la Tierra y del Medio Ambiente<\/li>\n<li>Emprendimiento<\/li>\n<li>Gesti\u00f3n de Esports<\/li>\n<li>Finanzas<\/li>\n<li>Negocios Generales<\/li>\n<li>Geograf\u00eda<\/li>\n<li>Dise\u00f1o Gr\u00e1fico<\/li>\n<li>Estudios Jur\u00eddicos<\/li>\n<li>Tecnolog\u00eda de Manufactura<\/li>\n<li>Ciencias Militares<\/li>\n<li>M\u00fasica<\/li>\n<li>Negocios Profesionales<\/li>\n<li>Comunicaci\u00f3n Profesional<\/li>\n<li>Psicolog\u00eda<\/li>\n<li>Gesti\u00f3n de Deportes Recreativos<\/li>\n<li>Comunicaci\u00f3n T\u00e9cnica<\/li>\n<li>Bienestar<\/li>\n<\/ul>\n<\/div><\/div><\/div><div class=\"fusion-panel panel-default fusion-toggle-no-divider fusion-toggle-boxed-mode\" role=\"tabpanel\"><div class=\"panel-heading\"><h4 class=\"panel-title toggle\"><a aria-expanded=\"false\" aria-selected=\"false\" aria-controls=\"ff8bbbfab97e01c2c\" role=\"tab\" data-toggle=\"collapse\" data-parent=\"#accordion-305-1\" data-target=\"#ff8bbbfab97e01c2c\" href=\"#ff8bbbfab97e01c2c\"><span class=\"fusion-toggle-icon-wrapper\" aria-hidden=\"true\"><i class=\"fa-fusion-box\" aria-hidden=\"true\"><\/i><\/span><span class=\"fusion-toggle-heading\">MAESTR\u00cdAS Y OTROS PROGRAMAS<\/span><\/a><\/h4><\/div><div id=\"ff8bbbfab97e01c2c\" class=\"panel-collapse collapse \"><div class=\"panel-body toggle-content fusion-clearfix\">\n<ul>\n<li>Maestr\u00edas<\/li>\n<li>Instrucci\u00f3n Diferenciada<\/li>\n<li>Investigaci\u00f3n Forense<\/li>\n<li>Educaci\u00f3n Especial K-12 de Categor\u00edas Cruzadas<\/li>\n<li>MAT \u2013 Educaci\u00f3n Secundaria<\/li>\n<li>MBA \u2013 Gesti\u00f3n de Tecnolog\u00eda de la Ingenier\u00eda<\/li>\n<li>MBA \u2013 Contabilidad Forense<\/li>\n<li>MBA \u2013 Negocios Generales<\/li>\n<li>MSN \u2013 Liderazgo en Cuidado de la Salud<\/li>\n<li>MSN \u2013 Educador de Enfermer\u00eda<\/li>\n<li>MSN \u2013 Enfermer\u00eda y Administraci\u00f3n de Negocios<\/li>\n<li>Gesti\u00f3n Deportiva y del Fitness<\/li>\n<li>Ense\u00f1anza de Ingl\u00e9s a Hablantes de Otros Idiomas<\/li>\n<li>Acuerdos de Articulaci\u00f3n<\/li>\n<li>Maestr\u00eda en Terapia Ocupacional<\/li>\n<li>Maestr\u00eda en Entrenamiento Atl\u00e9tico<\/li>\n<li>Doctorado en Fisioterapia<\/li>\n<\/ul>\n<\/div><\/div><\/div><div class=\"fusion-panel panel-default fusion-toggle-no-divider fusion-toggle-boxed-mode\" role=\"tabpanel\"><div class=\"panel-heading\"><h4 class=\"panel-title toggle\"><a aria-expanded=\"false\" aria-selected=\"false\" aria-controls=\"42a709d60f99d1771\" role=\"tab\" data-toggle=\"collapse\" data-parent=\"#accordion-305-1\" data-target=\"#42a709d60f99d1771\" href=\"#42a709d60f99d1771\"><span class=\"fusion-toggle-icon-wrapper\" aria-hidden=\"true\"><i class=\"fa-fusion-box\" aria-hidden=\"true\"><\/i><\/span><span class=\"fusion-toggle-heading\">PROGRAMAS PRE-PROFESIONALES <\/span><\/a><\/h4><\/div><div id=\"42a709d60f99d1771\" class=\"panel-collapse collapse \"><div class=\"panel-body toggle-content fusion-clearfix\">\n<ul>\n<li>Pre-Arquitectura<\/li>\n<li>Pre-Quiropr\u00e1ctica<\/li>\n<li>Pre-Odontolog\u00eda**<\/li>\n<li>Pre-Ingenier\u00eda<\/li>\n<li>Pre-Derecho<\/li>\n<li>Pre-Medicina<\/li>\n<li>Pre-Optometr\u00eda<\/li>\n<li>Pre-Farmacia<\/li>\n<li>Pre-Fisioterapia<\/li>\n<li>Pre-Medicina Veterinaria<\/li>\n<\/ul>\n<\/div><\/div><\/div><\/div><\/div><\/div><\/div><style type=\"text\/css\">.fusion-body .fusion-builder-column-2{width:50% !important;margin-top : 0px;margin-bottom : 20px;}.fusion-builder-column-2 > .fusion-column-wrapper {padding-top : 0px !important;padding-right : 0px !important;margin-right : 3.84%;padding-bottom : 0px !important;padding-left : 0px !important;margin-left : 3.84%;}@media only screen and (max-width:1024px) {.fusion-body .fusion-builder-column-2{width:50% !important;order : 0;}.fusion-builder-column-2 > .fusion-column-wrapper {margin-right : 3.84%;margin-left : 3.84%;}}@media only screen and (max-width:640px) {.fusion-body .fusion-builder-column-2{width:100% !important;order : 0;}.fusion-builder-column-2 > .fusion-column-wrapper {margin-right : 1.92%;margin-left : 1.92%;}}<\/style><\/div><style type=\"text\/css\">.fusion-body .fusion-flex-container.fusion-builder-row-3{ padding-top : 0px;margin-top : 0px;padding-right : 30px;padding-bottom : 0px;margin-bottom : 0px;padding-left : 30px;}<\/style><\/div>\n","protected":false},"excerpt":{"rendered":"","protected":false},"author":150,"featured_media":0,"parent":0,"menu_order":0,"comment_status":"closed","ping_status":"closed","template":"","meta":[],"categories":[],"tags":[],"_links":{"self":[{"href":"https:\/\/www.missouriwestern.edu\/spanish\/wp-json\/wp\/v2\/pages\/303"}],"collection":[{"href":"https:\/\/www.missouriwestern.edu\/spanish\/wp-json\/wp\/v2\/pages"}],"about":[{"href":"https:\/\/www.missouriwestern.edu\/spanish\/wp-json\/wp\/v2\/types\/page"}],"author":[{"embeddable":true,"href":"https:\/\/www.missouriwestern.edu\/spanish\/wp-json\/wp\/v2\/users\/150"}],"replies":[{"embeddable":true,"href":"https:\/\/www.missouriwestern.edu\/spanish\/wp-json\/wp\/v2\/comments?post=303"}],"version-history":[{"count":31,"href":"https:\/\/www.missouriwestern.edu\/spanish\/wp-json\/wp\/v2\/pages\/303\/revisions"}],"predecessor-version":[{"id":754,"href":"https:\/\/www.missouriwestern.edu\/spanish\/wp-json\/wp\/v2\/pages\/303\/revisions\/754"}],"wp:attachment":[{"href":"https:\/\/www.missouriwestern.edu\/spanish\/wp-json\/wp\/v2\/media?parent=303"}],"wp:term":[{"taxonomy":"category","embeddable":true,"href":"https:\/\/www.missouriwestern.edu\/spanish\/wp-json\/wp\/v2\/categories?post=303"},{"taxonomy":"post_tag","embeddable":true,"href":"https:\/\/www.missouriwestern.edu\/spanish\/wp-json\/wp\/v2\/tags?post=303"}],"curies":[{"name":"wp","href":"https:\/\/api.w.org\/{rel}","templated":true}]}}