{"id":166,"date":"2024-08-12T05:41:34","date_gmt":"2024-08-12T05:41:34","guid":{"rendered":"https:\/\/www.missouriwestern.edu\/spanish\/?page_id=166"},"modified":"2024-12-02T15:58:18","modified_gmt":"2024-12-02T15:58:18","slug":"oficina-de-la-presidenta","status":"publish","type":"page","link":"https:\/\/www.missouriwestern.edu\/spanish\/oficina-de-la-presidenta\/","title":{"rendered":"Oficina de la presidenta"},"content":{"rendered":"<div class=\"fusion-fullwidth fullwidth-box fusion-builder-row-1 fusion-flex-container nonhundred-percent-fullwidth non-hundred-percent-height-scrolling\" style=\"background-color: rgba(255,255,255,0);background-position: center center;background-repeat: no-repeat;border-width: 0px 0px 0px 0px;border-color:#e2e2e2;border-style:solid;\" ><div class=\"fusion-builder-row fusion-row fusion-flex-align-items-flex-start\" style=\"max-width:104%;margin-left: calc(-4% \/ 2 );margin-right: calc(-4% \/ 2 );\"><div class=\"fusion-layout-column fusion_builder_column fusion-builder-column-0 fusion_builder_column_1_5 1_5 fusion-flex-column\"><div class=\"fusion-column-wrapper fusion-flex-justify-content-flex-start fusion-content-layout-column\" style=\"background-position:left top;background-repeat:no-repeat;-webkit-background-size:cover;-moz-background-size:cover;-o-background-size:cover;background-size:cover;padding: 0px 0px 0px 0px;\"><div class=\"fusion-text fusion-text-1\" style=\"transform:translate3d(0,0,0);\"><p>Popplewell Hall 218<br \/>\n<a href=\"tel:+18162714237\">(816) 271-4237<\/a><br \/>\n<a href=\"mailto:president@missouriwestern.edu\">president@missouriwestern.edu<\/a><\/p>\n<\/div><\/div><\/div><style type=\"text\/css\">.fusion-body .fusion-builder-column-0{width:20% !important;margin-top : 0px;margin-bottom : 20px;}.fusion-builder-column-0 > .fusion-column-wrapper {padding-top : 0px !important;padding-right : 0px !important;margin-right : 9.6%;padding-bottom : 0px !important;padding-left : 0px !important;margin-left : 9.6%;}@media only screen and (max-width:1024px) {.fusion-body .fusion-builder-column-0{width:20% !important;order : 0;}.fusion-builder-column-0 > .fusion-column-wrapper {margin-right : 9.6%;margin-left : 9.6%;}}@media only screen and (max-width:640px) {.fusion-body .fusion-builder-column-0{width:100% !important;order : 0;}.fusion-builder-column-0 > .fusion-column-wrapper {margin-right : 1.92%;margin-left : 1.92%;}}<\/style><div class=\"fusion-layout-column fusion_builder_column fusion-builder-column-1 fusion_builder_column_2_3 2_3 fusion-flex-column\"><div class=\"fusion-column-wrapper fusion-flex-justify-content-center fusion-content-layout-column\" style=\"background-position:left top;background-repeat:no-repeat;-webkit-background-size:cover;-moz-background-size:cover;-o-background-size:cover;background-size:cover;padding: 0px 80px 0px 80px;\"><div class=\"fusion-text fusion-text-2\" style=\"transform:translate3d(0,0,0);\"><h3 class=\"fusion-responsive-typography-calculated\" data-fontsize=\"20\" data-lineheight=\"30px\">Dr. Elizabeth Kennedy<\/h3>\n<p><img class=\"size-medium wp-image-168 alignright\" src=\"https:\/\/www.missouriwestern.edu\/spanish\/wp-content\/uploads\/sites\/197\/2024\/08\/ElizabethKennedy-300x270.png\" alt=\"\" width=\"300\" height=\"270\" srcset=\"https:\/\/www.missouriwestern.edu\/spanish\/wp-content\/uploads\/sites\/197\/2024\/08\/ElizabethKennedy-200x180.png 200w, https:\/\/www.missouriwestern.edu\/spanish\/wp-content\/uploads\/sites\/197\/2024\/08\/ElizabethKennedy-300x270.png 300w, https:\/\/www.missouriwestern.edu\/spanish\/wp-content\/uploads\/sites\/197\/2024\/08\/ElizabethKennedy.png 320w\" sizes=\"(max-width: 300px) 100vw, 300px\" \/>La Dra. Elizabeth Kennedy fue nombrada la sexta presidenta de la Universidad Estatal de Missouri Western el 25 de febrero de 2021.<\/p>\n<p>Como presidenta, ha liderado el lanzamiento de varias iniciativas, como el Plan Master Academic y Griffon Office of Applied Learning, y ha ampliado otros, incluyendo el Centro de Servicio.<\/p>\n<p>Bajo el liderazgo de la Dra. Kennedy, Missouri Western ha desarrollado varios programas nuevos y demandados, incluyendo licenciaturas en ciberseguridad, terapia respiratoria, y una maestr\u00eda en artes en ense\u00f1anza\/educaci\u00f3n secundaria. Ha fomentado el desarrollo de asociaciones claves entre Missouri Western, el Distrito Escolar de St. Joseph, North Central Missouri College, diversas empresas, industrias y agencias locales.<\/p>\n<p>La Dra. Kennedy fue nombrada para el grupo asesor del Comisionado de Educaci\u00f3n Superior de Missouri en 2021 y fue seleccionada como vicepresidenta del Consejo de Educaci\u00f3n Superior P\u00fablica en Missouri en 2022. Forma parte de varias juntas directivas, incluyendo la C\u00e1mara de Comercio de St. Joseph, la Alianza Comunitaria de St. Joseph, Innovation Stockyard, la Junta Ejecutiva del Consejo Asesor del Centro T\u00e9cnico de Hillyard y la Fundaci\u00f3n Mosaic Life Care, as\u00ed como el Equipo de Revisi\u00f3n de Implementaci\u00f3n de Imagen St. Joseph 2040, el Consejo de CEOs de MIAA y como copresidenta del Grupo de Trabajo de la Constituci\u00f3n de MIAA.<\/p>\n<p>Durante su mandato en la Universidad, la Dra. Kennedy ha demostrado una gran capacidad para conectarse con el profesorado, el personal y los estudiantes, y est\u00e1 profundamente comprometida con la misi\u00f3n de Missouri Western para nuestro campus, nuestra comunidad y nuestra regi\u00f3n.<\/p>\n<p>La Dra. Kennedy crecio en Kansas City, se gradu\u00f3 de la Escuela Secundaria Ruskin, tiene un doctorado en Psicolog\u00eda \u2013 Envejecimiento Cognitivo Aplicado y una Certicaci\u00f3n en Tanatolog\u00eda \u2013 Muerte, Morir y Duelo de la Asociaci\u00f3n de Educaci\u00f3n y Asesoramiento en Muerte (ADEC). Tambi\u00e9n se desempe\u00f1\u00f3 como Especialista en Duelo para el Hospicio de los Condados de Medina\/Summit en el noreste de Ohio durante casi 12 a\u00f1os. Su carrera de 26 a\u00f1os en educaci\u00f3n superior ha incluido m\u00faltiples roles en la administraci\u00f3n superior, as\u00ed como 17 a\u00f1os en el aula como Profesora de Ciencias Sociales.<\/p>\n<p>Ella tiene familia actualmente en las \u00e1reas de Kansas City y St. Louis, pero actualmente su residencia est\u00e1 en la ciudad de Saint Joseph, la cual ha hecho de su hogar y con la cual est\u00e1 comprometida para su crecimiento.<\/p>\n<\/div><\/div><\/div><style type=\"text\/css\">.fusion-body .fusion-builder-column-1{width:66.666666666667% !important;margin-top : 0px;margin-bottom : 20px;}.fusion-builder-column-1 > .fusion-column-wrapper {padding-top : 0px !important;padding-right : 80 !important;margin-right : 2.88%;padding-bottom : 0px !important;padding-left : 80 !important;margin-left : 2.88%;}@media only screen and (max-width:1024px) {.fusion-body .fusion-builder-column-1{width:66.666666666667% !important;order : 0;}.fusion-builder-column-1 > .fusion-column-wrapper {margin-right : 2.88%;margin-left : 2.88%;}}@media only screen and (max-width:640px) {.fusion-body .fusion-builder-column-1{width:100% !important;order : 0;}.fusion-builder-column-1 > .fusion-column-wrapper {margin-right : 1.92%;margin-left : 1.92%;}}<\/style><\/div><style type=\"text\/css\">.fusion-body .fusion-flex-container.fusion-builder-row-1{ padding-top : 0px;margin-top : 0px;padding-right : 30px;padding-bottom : 0px;margin-bottom : 0px;padding-left : 30px;}<\/style><\/div>\n","protected":false},"excerpt":{"rendered":"","protected":false},"author":150,"featured_media":0,"parent":0,"menu_order":0,"comment_status":"closed","ping_status":"closed","template":"","meta":[],"categories":[],"tags":[],"_links":{"self":[{"href":"https:\/\/www.missouriwestern.edu\/spanish\/wp-json\/wp\/v2\/pages\/166"}],"collection":[{"href":"https:\/\/www.missouriwestern.edu\/spanish\/wp-json\/wp\/v2\/pages"}],"about":[{"href":"https:\/\/www.missouriwestern.edu\/spanish\/wp-json\/wp\/v2\/types\/page"}],"author":[{"embeddable":true,"href":"https:\/\/www.missouriwestern.edu\/spanish\/wp-json\/wp\/v2\/users\/150"}],"replies":[{"embeddable":true,"href":"https:\/\/www.missouriwestern.edu\/spanish\/wp-json\/wp\/v2\/comments?post=166"}],"version-history":[{"count":9,"href":"https:\/\/www.missouriwestern.edu\/spanish\/wp-json\/wp\/v2\/pages\/166\/revisions"}],"predecessor-version":[{"id":881,"href":"https:\/\/www.missouriwestern.edu\/spanish\/wp-json\/wp\/v2\/pages\/166\/revisions\/881"}],"wp:attachment":[{"href":"https:\/\/www.missouriwestern.edu\/spanish\/wp-json\/wp\/v2\/media?parent=166"}],"wp:term":[{"taxonomy":"category","embeddable":true,"href":"https:\/\/www.missouriwestern.edu\/spanish\/wp-json\/wp\/v2\/categories?post=166"},{"taxonomy":"post_tag","embeddable":true,"href":"https:\/\/www.missouriwestern.edu\/spanish\/wp-json\/wp\/v2\/tags?post=166"}],"curies":[{"name":"wp","href":"https:\/\/api.w.org\/{rel}","templated":true}]}}